{"id":176,"date":"2020-08-25T16:23:13","date_gmt":"2020-08-25T20:23:13","guid":{"rendered":"https:\/\/mm.publipageclients.com\/?page_id=176"},"modified":"2021-09-16T16:26:57","modified_gmt":"2021-09-16T20:26:57","slug":"a-propos","status":"publish","type":"page","link":"https:\/\/octoautoserviceplus.com\/fr\/a-propos\/","title":{"rendered":"\u00c0 propos"},"content":{"rendered":"\n<h1 class=\"wp-block-cgb-block-monsieurmuffler-title\"><strong>LE R\u00c9SEAU OCTO AUTO SERVICE PLUS<\/strong><\/h1>\n\n\n\n<p>Les ateliers m\u00e9caniques OCTO Auto Service Plus desservent l\u2019ensemble du territoire qu\u00e9b\u00e9cois et ontarien depuis plus de 30 ans&nbsp;:<\/p>\n\n\n\n<ul class=\"white-text wp-block-list\"><li>Techniciens hautement qualifi\u00e9s qui suivent une formation continue.<\/li><li>\u00c9quipements et outils de pointe.<\/li><li>Services et r\u00e9parations \u00e0 la mesure des exigences des constructeurs automobiles.<\/li><\/ul>\n\n\n\n<div class=\"wp-block-columns is-layout-flex wp-container-core-columns-is-layout-28f84493 wp-block-columns-is-layout-flex\">\n<div class=\"wp-block-column mobile-hide is-layout-flow wp-block-column-is-layout-flow\" style=\"flex-basis:25%\"><nav class=\"mm-content-list\"><ul id=\"menu-content-pages-french\" class=\"menu\"><li id=\"menu-item-6350\" class=\"menu-item menu-item-type-post_type menu-item-object-page menu-item-6350\"><a href=\"https:\/\/octoautoserviceplus.com\/fr\/nous-joindre\/\">Nous joindre<\/a><\/li>\n<li id=\"menu-item-6353\" class=\"menu-item menu-item-type-post_type menu-item-object-page menu-item-6353\"><a href=\"https:\/\/octoautoserviceplus.com\/fr\/a-propos\/\">\u00c0 propos<\/a><\/li>\n<li id=\"menu-item-6814\" class=\"menu-item menu-item-type-post_type menu-item-object-page menu-item-6814\"><a href=\"https:\/\/octoautoserviceplus.com\/fr\/carrieres\/\">Carri\u00e8res<\/a><\/li>\n<li id=\"menu-item-6815\" class=\"menu-item menu-item-type-post_type menu-item-object-page menu-item-6815\"><a href=\"https:\/\/octoautoserviceplus.com\/fr\/blogue\/\">Blogue<\/a><\/li>\n<\/ul><\/nav><\/div>\n\n\n\n<div class=\"wp-block-column is-layout-flow wp-block-column-is-layout-flow\" style=\"flex-basis:70%\">\n<h2 class=\"wp-block-heading\"><strong>LA PROMESSE OCTO AUTO SERVICE PLUS<\/strong><\/h2>\n\n\n\n<h3 class=\"wp-block-heading\">NOS ENGAGEMENTS<\/h3>\n\n\n\n<p>Tout v\u00e9hicule qui sort de l\u2019atelier doit pouvoir \u00eatre conduit en toute confiance des journ\u00e9es enti\u00e8res. C\u2019est notre promesse. Chaque technicien du r\u00e9seau d\u2019ateliers OCTO Auto Service Plus est tenu de Respecter les principes suivants :<\/p>\n\n\n\n<ul class=\"wp-block-list\"><li>Effectuer un diagnostic rapide et pr\u00e9cis.<\/li><li>Offrir un service sup\u00e9rieur ax\u00e9 sur la pr\u00e9vention.<\/li><li>\u00c9couter attentivement le client et bien le conseiller.<\/li><li>\u00catre en tout temps courtois, int\u00e8gre et professionnel.<\/li><\/ul>\n\n\n\n<div class=\"wp-block-columns no-padding-columns is-layout-flex wp-container-core-columns-is-layout-28f84493 wp-block-columns-is-layout-flex\">\n<div class=\"wp-block-column is-layout-flow wp-block-column-is-layout-flow\" style=\"flex-basis:33.33%\">\n<figure class=\"wp-block-image size-large\"><img loading=\"lazy\" decoding=\"async\" width=\"1024\" height=\"683\" src=\"https:\/\/octoautoserviceplus.com\/wp-content\/uploads\/2021\/08\/A-propos-2500-1024x683.jpg\" alt=\"\" class=\"wp-image-8025\" srcset=\"https:\/\/octoautoserviceplus.com\/wp-content\/uploads\/2021\/08\/A-propos-2500-1024x683.jpg 1024w, https:\/\/octoautoserviceplus.com\/wp-content\/uploads\/2021\/08\/A-propos-2500-300x200.jpg 300w, https:\/\/octoautoserviceplus.com\/wp-content\/uploads\/2021\/08\/A-propos-2500-768x512.jpg 768w, https:\/\/octoautoserviceplus.com\/wp-content\/uploads\/2021\/08\/A-propos-2500-1536x1024.jpg 1536w, https:\/\/octoautoserviceplus.com\/wp-content\/uploads\/2021\/08\/A-propos-2500-2048x1366.jpg 2048w\" sizes=\"auto, (max-width: 1024px) 100vw, 1024px\" \/><\/figure>\n\n\n\n<p><\/p>\n<\/div>\n\n\n\n<div class=\"wp-block-column no-padding-column is-layout-flow wp-block-column-is-layout-flow\" style=\"flex-basis:66.66%\">\n<h4 class=\"wp-block-heading\"><strong>L&#8217;AVANTAGE OCTO AUTO SERVICE PLUS<\/strong><\/h4>\n\n\n\n<p>Chaque atelier OCTO offre les services d\u2019entretien et de r\u00e9paration de qualit\u00e9 concessionnaire, reconnus par les constructeurs automobiles eux-m\u00eames. L\u2019avantage OCTO, c\u2019est d\u2019obtenir :<\/p>\n\n\n\n<ul class=\"wp-block-list\"><li>Un vaste choix de pi\u00e8ces et d\u2019accessoires de premi\u00e8re qualit\u00e9.<\/li><li>Le meilleur rapport qualit\u00e9\/prix possible.<\/li><li>Le carnet de suivi et de pr\u00e9vention OCTO.<\/li><li>Des garanties et d\u2019autres offres exclusives.<\/li><\/ul>\n<\/div>\n<\/div>\n\n\n\n<p><\/p>\n<\/div>\n<\/div>\n\n\n\n<p><\/p>\n","protected":false},"excerpt":{"rendered":"<p>Les ateliers m\u00e9caniques OCTO Auto Service Plus desservent l\u2019ensemble du territoire qu\u00e9b\u00e9cois et ontarien depuis plus de 30 ans&nbsp;: Techniciens hautement qualifi\u00e9s qui suivent une formation continue. \u00c9quipements et outils de pointe. Services et r\u00e9parations \u00e0 la mesure des exigences des constructeurs automobiles. LA PROMESSE OCTO AUTO SERVICE PLUS NOS ENGAGEMENTS Tout v\u00e9hicule qui sort &hellip;<\/p>\n","protected":false},"author":1,"featured_media":7656,"parent":0,"menu_order":0,"comment_status":"closed","ping_status":"closed","template":"","meta":{"footnotes":""},"class_list":["post-176","page","type-page","status-publish","has-post-thumbnail","hentry"],"yoast_head":"<!-- This site is optimized with the Yoast SEO plugin v26.6 - https:\/\/yoast.com\/wordpress\/plugins\/seo\/ -->\n<title>\u00c0 propos - OCTO AUTO SERVICE PLUS<\/title>\n<meta name=\"description\" content=\"Les ateliers m\u00e9caniques OCTO Auto Service Plus desservent l\u2019ensemble du territoire qu\u00e9b\u00e9cois et ontarien depuis plus de 30 ans.\" \/>\n<meta name=\"robots\" content=\"index, follow, max-snippet:-1, max-image-preview:large, max-video-preview:-1\" \/>\n<link rel=\"canonical\" href=\"https:\/\/octoautoserviceplus.com\/fr\/a-propos\/\" \/>\n<meta property=\"og:locale\" content=\"fr_CA\" \/>\n<meta property=\"og:type\" content=\"article\" \/>\n<meta property=\"og:title\" content=\"\u00c0 propos - OCTO AUTO SERVICE PLUS\" \/>\n<meta property=\"og:description\" content=\"Les ateliers m\u00e9caniques OCTO Auto Service Plus desservent l\u2019ensemble du territoire qu\u00e9b\u00e9cois et ontarien depuis plus de 30 ans.\" \/>\n<meta property=\"og:url\" content=\"https:\/\/octoautoserviceplus.com\/fr\/wp-json\/wp\/v2\/pages\/176\" \/>\n<meta property=\"og:site_name\" content=\"OCTO AUTO SERVICE PLUS\" \/>\n<meta property=\"article:publisher\" content=\"https:\/\/www.facebook.com\/OCTOautoserviceplus\/\" \/>\n<meta property=\"article:modified_time\" content=\"2021-09-16T20:26:57+00:00\" \/>\n<meta property=\"og:image\" content=\"https:\/\/www.octoautoserviceplus.com\/wp-content\/themes\/octowordpresstheme\/assets\/img\/fav\/octo-opengraph-image-200x200.png\" \/>\n\t<meta property=\"og:image:width\" content=\"200\" \/>\n\t<meta property=\"og:image:height\" content=\"200\" \/><meta property=\"og:image\" content=\"https:\/\/octoautoserviceplus.com\/wp-content\/uploads\/2021\/07\/A-propos-2500.jpg\" \/>\n\t<meta property=\"og:image:width\" content=\"2500\" \/>\n\t<meta property=\"og:image:height\" content=\"1667\" \/>\n\t<meta property=\"og:image:type\" content=\"image\/jpeg\" \/>\n<meta name=\"twitter:card\" content=\"summary_large_image\" \/>\n<meta name=\"twitter:label1\" content=\"Est. reading time\" \/>\n\t<meta name=\"twitter:data1\" content=\"1 minute\" \/>\n<script type=\"application\/ld+json\" class=\"yoast-schema-graph\">{\"@context\":\"https:\/\/schema.org\",\"@graph\":[{\"@type\":\"WebPage\",\"@id\":\"https:\/\/octoautoserviceplus.com\/fr\/a-propos\/\",\"url\":\"https:\/\/octoautoserviceplus.com\/fr\/a-propos\/\",\"name\":\"\u00c0 propos - OCTO AUTO SERVICE PLUS\",\"isPartOf\":{\"@id\":\"https:\/\/octoautoserviceplus.com\/fr\/#website\"},\"primaryImageOfPage\":{\"@id\":\"https:\/\/octoautoserviceplus.com\/fr\/a-propos\/#primaryimage\"},\"image\":{\"@id\":\"https:\/\/octoautoserviceplus.com\/fr\/a-propos\/#primaryimage\"},\"thumbnailUrl\":\"https:\/\/octoautoserviceplus.com\/wp-content\/uploads\/2021\/07\/A-propos-2500.jpg\",\"datePublished\":\"2020-08-25T20:23:13+00:00\",\"dateModified\":\"2021-09-16T20:26:57+00:00\",\"description\":\"Les ateliers m\u00e9caniques OCTO Auto Service Plus desservent l\u2019ensemble du territoire qu\u00e9b\u00e9cois et ontarien depuis plus de 30 ans.\",\"breadcrumb\":{\"@id\":\"https:\/\/octoautoserviceplus.com\/fr\/a-propos\/#breadcrumb\"},\"inLanguage\":\"fr-CA\",\"potentialAction\":[{\"@type\":\"ReadAction\",\"target\":[\"https:\/\/octoautoserviceplus.com\/fr\/a-propos\/\"]}]},{\"@type\":\"ImageObject\",\"inLanguage\":\"fr-CA\",\"@id\":\"https:\/\/octoautoserviceplus.com\/fr\/a-propos\/#primaryimage\",\"url\":\"https:\/\/octoautoserviceplus.com\/wp-content\/uploads\/2021\/07\/A-propos-2500.jpg\",\"contentUrl\":\"https:\/\/octoautoserviceplus.com\/wp-content\/uploads\/2021\/07\/A-propos-2500.jpg\",\"width\":2500,\"height\":1667},{\"@type\":\"BreadcrumbList\",\"@id\":\"https:\/\/octoautoserviceplus.com\/fr\/a-propos\/#breadcrumb\",\"itemListElement\":[{\"@type\":\"ListItem\",\"position\":1,\"name\":\"Home\",\"item\":\"https:\/\/octoautoserviceplus.com\/fr\/\"},{\"@type\":\"ListItem\",\"position\":2,\"name\":\"\u00c0 propos\"}]},{\"@type\":\"WebSite\",\"@id\":\"https:\/\/octoautoserviceplus.com\/fr\/#website\",\"url\":\"https:\/\/octoautoserviceplus.com\/fr\/\",\"name\":\"OCTO AUTO SERVICE PLUS\",\"description\":\"Just another WordPress site\",\"publisher\":{\"@id\":\"https:\/\/octoautoserviceplus.com\/fr\/#organization\"},\"potentialAction\":[{\"@type\":\"SearchAction\",\"target\":{\"@type\":\"EntryPoint\",\"urlTemplate\":\"https:\/\/octoautoserviceplus.com\/fr\/?s={search_term_string}\"},\"query-input\":{\"@type\":\"PropertyValueSpecification\",\"valueRequired\":true,\"valueName\":\"search_term_string\"}}],\"inLanguage\":\"fr-CA\"},{\"@type\":\"Organization\",\"@id\":\"https:\/\/octoautoserviceplus.com\/fr\/#organization\",\"name\":\"OCTO AUTO SERVICE PLUS\",\"url\":\"https:\/\/octoautoserviceplus.com\/fr\/\",\"logo\":{\"@type\":\"ImageObject\",\"inLanguage\":\"fr-CA\",\"@id\":\"https:\/\/octoautoserviceplus.com\/fr\/#\/schema\/logo\/image\/\",\"url\":\"https:\/\/octoautoserviceplus.com\/wp-content\/uploads\/2021\/06\/cropped-Octo_favicon_512.png\",\"contentUrl\":\"https:\/\/octoautoserviceplus.com\/wp-content\/uploads\/2021\/06\/cropped-Octo_favicon_512.png\",\"width\":512,\"height\":512,\"caption\":\"OCTO AUTO SERVICE PLUS\"},\"image\":{\"@id\":\"https:\/\/octoautoserviceplus.com\/fr\/#\/schema\/logo\/image\/\"},\"sameAs\":[\"https:\/\/www.facebook.com\/OCTOautoserviceplus\/\"]}]}<\/script>\n<!-- \/ Yoast SEO plugin. -->","yoast_head_json":{"title":"\u00c0 propos - OCTO AUTO SERVICE PLUS","description":"Les ateliers m\u00e9caniques OCTO Auto Service Plus desservent l\u2019ensemble du territoire qu\u00e9b\u00e9cois et ontarien depuis plus de 30 ans.","robots":{"index":"index","follow":"follow","max-snippet":"max-snippet:-1","max-image-preview":"max-image-preview:large","max-video-preview":"max-video-preview:-1"},"canonical":"https:\/\/octoautoserviceplus.com\/fr\/a-propos\/","og_locale":"fr_CA","og_type":"article","og_title":"\u00c0 propos - OCTO AUTO SERVICE PLUS","og_description":"Les ateliers m\u00e9caniques OCTO Auto Service Plus desservent l\u2019ensemble du territoire qu\u00e9b\u00e9cois et ontarien depuis plus de 30 ans.","og_url":"https:\/\/octoautoserviceplus.com\/fr\/wp-json\/wp\/v2\/pages\/176","og_site_name":"OCTO AUTO SERVICE PLUS","article_publisher":"https:\/\/www.facebook.com\/OCTOautoserviceplus\/","article_modified_time":"2021-09-16T20:26:57+00:00","og_image":[{"url":"https:\/\/www.octoautoserviceplus.com\/wp-content\/themes\/octowordpresstheme\/assets\/img\/fav\/octo-opengraph-image-200x200.png","height":200,"width":200,"type":""},{"width":2500,"height":1667,"url":"https:\/\/octoautoserviceplus.com\/wp-content\/uploads\/2021\/07\/A-propos-2500.jpg","type":"image\/jpeg"}],"twitter_card":"summary_large_image","twitter_misc":{"Est. reading time":"1 minute"},"schema":{"@context":"https:\/\/schema.org","@graph":[{"@type":"WebPage","@id":"https:\/\/octoautoserviceplus.com\/fr\/a-propos\/","url":"https:\/\/octoautoserviceplus.com\/fr\/a-propos\/","name":"\u00c0 propos - OCTO AUTO SERVICE PLUS","isPartOf":{"@id":"https:\/\/octoautoserviceplus.com\/fr\/#website"},"primaryImageOfPage":{"@id":"https:\/\/octoautoserviceplus.com\/fr\/a-propos\/#primaryimage"},"image":{"@id":"https:\/\/octoautoserviceplus.com\/fr\/a-propos\/#primaryimage"},"thumbnailUrl":"https:\/\/octoautoserviceplus.com\/wp-content\/uploads\/2021\/07\/A-propos-2500.jpg","datePublished":"2020-08-25T20:23:13+00:00","dateModified":"2021-09-16T20:26:57+00:00","description":"Les ateliers m\u00e9caniques OCTO Auto Service Plus desservent l\u2019ensemble du territoire qu\u00e9b\u00e9cois et ontarien depuis plus de 30 ans.","breadcrumb":{"@id":"https:\/\/octoautoserviceplus.com\/fr\/a-propos\/#breadcrumb"},"inLanguage":"fr-CA","potentialAction":[{"@type":"ReadAction","target":["https:\/\/octoautoserviceplus.com\/fr\/a-propos\/"]}]},{"@type":"ImageObject","inLanguage":"fr-CA","@id":"https:\/\/octoautoserviceplus.com\/fr\/a-propos\/#primaryimage","url":"https:\/\/octoautoserviceplus.com\/wp-content\/uploads\/2021\/07\/A-propos-2500.jpg","contentUrl":"https:\/\/octoautoserviceplus.com\/wp-content\/uploads\/2021\/07\/A-propos-2500.jpg","width":2500,"height":1667},{"@type":"BreadcrumbList","@id":"https:\/\/octoautoserviceplus.com\/fr\/a-propos\/#breadcrumb","itemListElement":[{"@type":"ListItem","position":1,"name":"Home","item":"https:\/\/octoautoserviceplus.com\/fr\/"},{"@type":"ListItem","position":2,"name":"\u00c0 propos"}]},{"@type":"WebSite","@id":"https:\/\/octoautoserviceplus.com\/fr\/#website","url":"https:\/\/octoautoserviceplus.com\/fr\/","name":"OCTO AUTO SERVICE PLUS","description":"Just another WordPress site","publisher":{"@id":"https:\/\/octoautoserviceplus.com\/fr\/#organization"},"potentialAction":[{"@type":"SearchAction","target":{"@type":"EntryPoint","urlTemplate":"https:\/\/octoautoserviceplus.com\/fr\/?s={search_term_string}"},"query-input":{"@type":"PropertyValueSpecification","valueRequired":true,"valueName":"search_term_string"}}],"inLanguage":"fr-CA"},{"@type":"Organization","@id":"https:\/\/octoautoserviceplus.com\/fr\/#organization","name":"OCTO AUTO SERVICE PLUS","url":"https:\/\/octoautoserviceplus.com\/fr\/","logo":{"@type":"ImageObject","inLanguage":"fr-CA","@id":"https:\/\/octoautoserviceplus.com\/fr\/#\/schema\/logo\/image\/","url":"https:\/\/octoautoserviceplus.com\/wp-content\/uploads\/2021\/06\/cropped-Octo_favicon_512.png","contentUrl":"https:\/\/octoautoserviceplus.com\/wp-content\/uploads\/2021\/06\/cropped-Octo_favicon_512.png","width":512,"height":512,"caption":"OCTO AUTO SERVICE PLUS"},"image":{"@id":"https:\/\/octoautoserviceplus.com\/fr\/#\/schema\/logo\/image\/"},"sameAs":["https:\/\/www.facebook.com\/OCTOautoserviceplus\/"]}]}},"_links":{"self":[{"href":"https:\/\/octoautoserviceplus.com\/fr\/wp-json\/wp\/v2\/pages\/176","targetHints":{"allow":["GET"]}}],"collection":[{"href":"https:\/\/octoautoserviceplus.com\/fr\/wp-json\/wp\/v2\/pages"}],"about":[{"href":"https:\/\/octoautoserviceplus.com\/fr\/wp-json\/wp\/v2\/types\/page"}],"author":[{"embeddable":true,"href":"https:\/\/octoautoserviceplus.com\/fr\/wp-json\/wp\/v2\/users\/1"}],"replies":[{"embeddable":true,"href":"https:\/\/octoautoserviceplus.com\/fr\/wp-json\/wp\/v2\/comments?post=176"}],"version-history":[{"count":0,"href":"https:\/\/octoautoserviceplus.com\/fr\/wp-json\/wp\/v2\/pages\/176\/revisions"}],"wp:featuredmedia":[{"embeddable":true,"href":"https:\/\/octoautoserviceplus.com\/fr\/wp-json\/wp\/v2\/media\/7656"}],"wp:attachment":[{"href":"https:\/\/octoautoserviceplus.com\/fr\/wp-json\/wp\/v2\/media?parent=176"}],"curies":[{"name":"wp","href":"https:\/\/api.w.org\/{rel}","templated":true}]}}