{"id":6083,"date":"2020-09-10T08:12:49","date_gmt":"2020-09-10T12:12:49","guid":{"rendered":"https:\/\/mm.publipageclients.com\/?page_id=6083"},"modified":"2024-04-26T00:18:09","modified_gmt":"2024-04-26T04:18:09","slug":"ateliers","status":"publish","type":"page","link":"https:\/\/octoautoserviceplus.com\/fr\/ateliers\/","title":{"rendered":"TROUVEZ L\u2019ATELIER <br \/>LE PLUS PR\u00c8S"},"content":{"rendered":"<div id=\"map-container\" style=\"position: relative; z-index: 1;\">\n<p>This is a generic placeholder. The real Store Locator is loaded when rendering the page.<\/p>\n    <iframe width='100%'\n        height='600px'\n        src=https:\/\/www.google.com\/maps\/embed\/v1\/place?q=45.4745393,-73.634522&#038;maptype=roadmap&#038;zoom=12&#038;key=AIzaSyCq7HiCr512U3mGM166eqToMGZPRSc1rk4\n        frameBorder='0'>\n    <\/iframe>\n    <span style=\"position: absolute; top: 0px; bottom: 0px; left: 0; right: 0; z-index: 3;\"><\/span>\n<\/div>","protected":false},"excerpt":{"rendered":"","protected":false},"author":1,"featured_media":0,"parent":0,"menu_order":0,"comment_status":"closed","ping_status":"closed","template":"page-full.php","meta":{"footnotes":""},"class_list":["post-6083","page","type-page","status-publish","hentry"],"yoast_head":"<!-- This site is optimized with the Yoast SEO plugin v26.6 - https:\/\/yoast.com\/wordpress\/plugins\/seo\/ -->\n<title>TROUVEZ L\u2019ATELIER LE PLUS PR\u00c8S - OCTO AUTO SERVICE PLUS<\/title>\n<meta name=\"description\" content=\"Les ateliers m\u00e9caniques OCTO Auto Service Plus desservent l\u2019ensemble du territoire qu\u00e9b\u00e9cois et ontarien depuis plus de 30 ans :Techniciens hautement qualifi\u00e9s qui suivent une formation continue.\u00c9quipements et outils de pointe.Services et r\u00e9parations \u00e0 la mesure des exigences des constructeurs automobiles.\" \/>\n<meta name=\"robots\" content=\"index, follow, max-snippet:-1, max-image-preview:large, max-video-preview:-1\" \/>\n<link rel=\"canonical\" href=\"https:\/\/octoautoserviceplus.com\/fr\/ateliers\/\" \/>\n<meta property=\"og:locale\" content=\"fr_CA\" \/>\n<meta property=\"og:type\" content=\"article\" \/>\n<meta property=\"og:title\" content=\"TROUVEZ L\u2019ATELIER LE PLUS PR\u00c8S - OCTO AUTO SERVICE PLUS\" \/>\n<meta property=\"og:description\" content=\"Les ateliers m\u00e9caniques OCTO Auto Service Plus desservent l\u2019ensemble du territoire qu\u00e9b\u00e9cois et ontarien depuis plus de 30 ans :Techniciens hautement qualifi\u00e9s qui suivent une formation continue.\u00c9quipements et outils de pointe.Services et r\u00e9parations \u00e0 la mesure des exigences des constructeurs automobiles.\" \/>\n<meta property=\"og:url\" content=\"https:\/\/octoautoserviceplus.com\/fr\/wp-json\/wp\/v2\/pages\/6083\" \/>\n<meta property=\"og:site_name\" content=\"OCTO AUTO SERVICE PLUS\" \/>\n<meta property=\"article:publisher\" content=\"https:\/\/www.facebook.com\/OCTOautoserviceplus\/\" \/>\n<meta property=\"article:modified_time\" content=\"2024-04-26T04:18:09+00:00\" \/>\n<meta property=\"og:image\" content=\"https:\/\/www.octoautoserviceplus.com\/wp-content\/themes\/octowordpresstheme\/assets\/img\/fav\/octo-opengraph-image-200x200.png\" \/>\n\t<meta property=\"og:image:width\" content=\"200\" \/>\n\t<meta property=\"og:image:height\" content=\"200\" \/><meta property=\"og:image\" content=\"https:\/\/fonts.gstatic.com\/s\/i\/googlematerialicons\/arrow_back\/v11\/24px.svg\" \/>\n<meta name=\"twitter:card\" content=\"summary_large_image\" \/>\n<meta name=\"twitter:label1\" content=\"Est. reading time\" \/>\n\t<meta name=\"twitter:data1\" content=\"1 minute\" \/>\n<script type=\"application\/ld+json\" class=\"yoast-schema-graph\">{\"@context\":\"https:\/\/schema.org\",\"@graph\":[{\"@type\":\"WebPage\",\"@id\":\"https:\/\/octoautoserviceplus.com\/fr\/ateliers\/\",\"url\":\"https:\/\/octoautoserviceplus.com\/fr\/ateliers\/\",\"name\":\"TROUVEZ L\u2019ATELIER LE PLUS PR\u00c8S - OCTO AUTO SERVICE PLUS\",\"isPartOf\":{\"@id\":\"https:\/\/octoautoserviceplus.com\/fr\/#website\"},\"primaryImageOfPage\":{\"@id\":\"https:\/\/octoautoserviceplus.com\/fr\/ateliers\/#primaryimage\"},\"image\":{\"@id\":\"https:\/\/octoautoserviceplus.com\/fr\/ateliers\/#primaryimage\"},\"thumbnailUrl\":\"https:\/\/fonts.gstatic.com\/s\/i\/googlematerialicons\/arrow_back\/v11\/24px.svg\",\"datePublished\":\"2020-09-10T12:12:49+00:00\",\"dateModified\":\"2024-04-26T04:18:09+00:00\",\"description\":\"Les ateliers m\u00e9caniques OCTO Auto Service Plus desservent l\u2019ensemble du territoire qu\u00e9b\u00e9cois et ontarien depuis plus de 30 ans :Techniciens hautement qualifi\u00e9s qui suivent une formation continue.\u00c9quipements et outils de pointe.Services et r\u00e9parations \u00e0 la mesure des exigences des constructeurs automobiles.\",\"breadcrumb\":{\"@id\":\"https:\/\/octoautoserviceplus.com\/fr\/ateliers\/#breadcrumb\"},\"inLanguage\":\"fr-CA\",\"potentialAction\":[{\"@type\":\"ReadAction\",\"target\":[\"https:\/\/octoautoserviceplus.com\/fr\/ateliers\/\"]}]},{\"@type\":\"ImageObject\",\"inLanguage\":\"fr-CA\",\"@id\":\"https:\/\/octoautoserviceplus.com\/fr\/ateliers\/#primaryimage\",\"url\":\"https:\/\/fonts.gstatic.com\/s\/i\/googlematerialicons\/arrow_back\/v11\/24px.svg\",\"contentUrl\":\"https:\/\/fonts.gstatic.com\/s\/i\/googlematerialicons\/arrow_back\/v11\/24px.svg\"},{\"@type\":\"BreadcrumbList\",\"@id\":\"https:\/\/octoautoserviceplus.com\/fr\/ateliers\/#breadcrumb\",\"itemListElement\":[{\"@type\":\"ListItem\",\"position\":1,\"name\":\"Home\",\"item\":\"https:\/\/octoautoserviceplus.com\/fr\/\"},{\"@type\":\"ListItem\",\"position\":2,\"name\":\"TROUVEZ L\u2019ATELIER LE PLUS PR\u00c8S\"}]},{\"@type\":\"WebSite\",\"@id\":\"https:\/\/octoautoserviceplus.com\/fr\/#website\",\"url\":\"https:\/\/octoautoserviceplus.com\/fr\/\",\"name\":\"OCTO AUTO SERVICE PLUS\",\"description\":\"Just another WordPress site\",\"publisher\":{\"@id\":\"https:\/\/octoautoserviceplus.com\/fr\/#organization\"},\"potentialAction\":[{\"@type\":\"SearchAction\",\"target\":{\"@type\":\"EntryPoint\",\"urlTemplate\":\"https:\/\/octoautoserviceplus.com\/fr\/?s={search_term_string}\"},\"query-input\":{\"@type\":\"PropertyValueSpecification\",\"valueRequired\":true,\"valueName\":\"search_term_string\"}}],\"inLanguage\":\"fr-CA\"},{\"@type\":\"Organization\",\"@id\":\"https:\/\/octoautoserviceplus.com\/fr\/#organization\",\"name\":\"OCTO AUTO SERVICE PLUS\",\"url\":\"https:\/\/octoautoserviceplus.com\/fr\/\",\"logo\":{\"@type\":\"ImageObject\",\"inLanguage\":\"fr-CA\",\"@id\":\"https:\/\/octoautoserviceplus.com\/fr\/#\/schema\/logo\/image\/\",\"url\":\"https:\/\/octoautoserviceplus.com\/wp-content\/uploads\/2021\/06\/cropped-Octo_favicon_512.png\",\"contentUrl\":\"https:\/\/octoautoserviceplus.com\/wp-content\/uploads\/2021\/06\/cropped-Octo_favicon_512.png\",\"width\":512,\"height\":512,\"caption\":\"OCTO AUTO SERVICE PLUS\"},\"image\":{\"@id\":\"https:\/\/octoautoserviceplus.com\/fr\/#\/schema\/logo\/image\/\"},\"sameAs\":[\"https:\/\/www.facebook.com\/OCTOautoserviceplus\/\"]}]}<\/script>\n<!-- \/ Yoast SEO plugin. -->","yoast_head_json":{"title":"TROUVEZ L\u2019ATELIER LE PLUS PR\u00c8S - OCTO AUTO SERVICE PLUS","description":"Les ateliers m\u00e9caniques OCTO Auto Service Plus desservent l\u2019ensemble du territoire qu\u00e9b\u00e9cois et ontarien depuis plus de 30 ans :Techniciens hautement qualifi\u00e9s qui suivent une formation continue.\u00c9quipements et outils de pointe.Services et r\u00e9parations \u00e0 la mesure des exigences des constructeurs automobiles.","robots":{"index":"index","follow":"follow","max-snippet":"max-snippet:-1","max-image-preview":"max-image-preview:large","max-video-preview":"max-video-preview:-1"},"canonical":"https:\/\/octoautoserviceplus.com\/fr\/ateliers\/","og_locale":"fr_CA","og_type":"article","og_title":"TROUVEZ L\u2019ATELIER LE PLUS PR\u00c8S - OCTO AUTO SERVICE PLUS","og_description":"Les ateliers m\u00e9caniques OCTO Auto Service Plus desservent l\u2019ensemble du territoire qu\u00e9b\u00e9cois et ontarien depuis plus de 30 ans :Techniciens hautement qualifi\u00e9s qui suivent une formation continue.\u00c9quipements et outils de pointe.Services et r\u00e9parations \u00e0 la mesure des exigences des constructeurs automobiles.","og_url":"https:\/\/octoautoserviceplus.com\/fr\/wp-json\/wp\/v2\/pages\/6083","og_site_name":"OCTO AUTO SERVICE PLUS","article_publisher":"https:\/\/www.facebook.com\/OCTOautoserviceplus\/","article_modified_time":"2024-04-26T04:18:09+00:00","og_image":[{"url":"https:\/\/www.octoautoserviceplus.com\/wp-content\/themes\/octowordpresstheme\/assets\/img\/fav\/octo-opengraph-image-200x200.png","height":200,"width":200,"type":""},{"url":"https:\/\/fonts.gstatic.com\/s\/i\/googlematerialicons\/arrow_back\/v11\/24px.svg","type":"","width":"","height":""}],"twitter_card":"summary_large_image","twitter_misc":{"Est. reading time":"1 minute"},"schema":{"@context":"https:\/\/schema.org","@graph":[{"@type":"WebPage","@id":"https:\/\/octoautoserviceplus.com\/fr\/ateliers\/","url":"https:\/\/octoautoserviceplus.com\/fr\/ateliers\/","name":"TROUVEZ L\u2019ATELIER LE PLUS PR\u00c8S - OCTO AUTO SERVICE PLUS","isPartOf":{"@id":"https:\/\/octoautoserviceplus.com\/fr\/#website"},"primaryImageOfPage":{"@id":"https:\/\/octoautoserviceplus.com\/fr\/ateliers\/#primaryimage"},"image":{"@id":"https:\/\/octoautoserviceplus.com\/fr\/ateliers\/#primaryimage"},"thumbnailUrl":"https:\/\/fonts.gstatic.com\/s\/i\/googlematerialicons\/arrow_back\/v11\/24px.svg","datePublished":"2020-09-10T12:12:49+00:00","dateModified":"2024-04-26T04:18:09+00:00","description":"Les ateliers m\u00e9caniques OCTO Auto Service Plus desservent l\u2019ensemble du territoire qu\u00e9b\u00e9cois et ontarien depuis plus de 30 ans :Techniciens hautement qualifi\u00e9s qui suivent une formation continue.\u00c9quipements et outils de pointe.Services et r\u00e9parations \u00e0 la mesure des exigences des constructeurs automobiles.","breadcrumb":{"@id":"https:\/\/octoautoserviceplus.com\/fr\/ateliers\/#breadcrumb"},"inLanguage":"fr-CA","potentialAction":[{"@type":"ReadAction","target":["https:\/\/octoautoserviceplus.com\/fr\/ateliers\/"]}]},{"@type":"ImageObject","inLanguage":"fr-CA","@id":"https:\/\/octoautoserviceplus.com\/fr\/ateliers\/#primaryimage","url":"https:\/\/fonts.gstatic.com\/s\/i\/googlematerialicons\/arrow_back\/v11\/24px.svg","contentUrl":"https:\/\/fonts.gstatic.com\/s\/i\/googlematerialicons\/arrow_back\/v11\/24px.svg"},{"@type":"BreadcrumbList","@id":"https:\/\/octoautoserviceplus.com\/fr\/ateliers\/#breadcrumb","itemListElement":[{"@type":"ListItem","position":1,"name":"Home","item":"https:\/\/octoautoserviceplus.com\/fr\/"},{"@type":"ListItem","position":2,"name":"TROUVEZ L\u2019ATELIER LE PLUS PR\u00c8S"}]},{"@type":"WebSite","@id":"https:\/\/octoautoserviceplus.com\/fr\/#website","url":"https:\/\/octoautoserviceplus.com\/fr\/","name":"OCTO AUTO SERVICE PLUS","description":"Just another WordPress site","publisher":{"@id":"https:\/\/octoautoserviceplus.com\/fr\/#organization"},"potentialAction":[{"@type":"SearchAction","target":{"@type":"EntryPoint","urlTemplate":"https:\/\/octoautoserviceplus.com\/fr\/?s={search_term_string}"},"query-input":{"@type":"PropertyValueSpecification","valueRequired":true,"valueName":"search_term_string"}}],"inLanguage":"fr-CA"},{"@type":"Organization","@id":"https:\/\/octoautoserviceplus.com\/fr\/#organization","name":"OCTO AUTO SERVICE PLUS","url":"https:\/\/octoautoserviceplus.com\/fr\/","logo":{"@type":"ImageObject","inLanguage":"fr-CA","@id":"https:\/\/octoautoserviceplus.com\/fr\/#\/schema\/logo\/image\/","url":"https:\/\/octoautoserviceplus.com\/wp-content\/uploads\/2021\/06\/cropped-Octo_favicon_512.png","contentUrl":"https:\/\/octoautoserviceplus.com\/wp-content\/uploads\/2021\/06\/cropped-Octo_favicon_512.png","width":512,"height":512,"caption":"OCTO AUTO SERVICE PLUS"},"image":{"@id":"https:\/\/octoautoserviceplus.com\/fr\/#\/schema\/logo\/image\/"},"sameAs":["https:\/\/www.facebook.com\/OCTOautoserviceplus\/"]}]}},"_links":{"self":[{"href":"https:\/\/octoautoserviceplus.com\/fr\/wp-json\/wp\/v2\/pages\/6083","targetHints":{"allow":["GET"]}}],"collection":[{"href":"https:\/\/octoautoserviceplus.com\/fr\/wp-json\/wp\/v2\/pages"}],"about":[{"href":"https:\/\/octoautoserviceplus.com\/fr\/wp-json\/wp\/v2\/types\/page"}],"author":[{"embeddable":true,"href":"https:\/\/octoautoserviceplus.com\/fr\/wp-json\/wp\/v2\/users\/1"}],"replies":[{"embeddable":true,"href":"https:\/\/octoautoserviceplus.com\/fr\/wp-json\/wp\/v2\/comments?post=6083"}],"version-history":[{"count":0,"href":"https:\/\/octoautoserviceplus.com\/fr\/wp-json\/wp\/v2\/pages\/6083\/revisions"}],"wp:attachment":[{"href":"https:\/\/octoautoserviceplus.com\/fr\/wp-json\/wp\/v2\/media?parent=6083"}],"curies":[{"name":"wp","href":"https:\/\/api.w.org\/{rel}","templated":true}]}}