{"id":6187,"date":"2020-09-10T14:00:47","date_gmt":"2020-09-10T18:00:47","guid":{"rendered":"https:\/\/mm.publipageclients.com\/?page_id=6187"},"modified":"2024-11-04T23:30:41","modified_gmt":"2024-11-05T04:30:41","slug":"pneus","status":"publish","type":"page","link":"https:\/\/octoautoserviceplus.com\/fr\/pneus\/","title":{"rendered":"Pneus"},"content":{"rendered":"\n<h1 class=\"wp-block-heading\">PNEUS ET JANTES<\/h1>\n\n\n\n<p>Les meilleurs choix de pneus pour votre automobile sont \u00e0 port\u00e9e de main !&nbsp;Entrez la largeur, le profil et la taille de la roue, puis s\u00e9lectionnez le type de pneus que vous recherchez. C\u2019est aussi simple que \u00e7a !<\/p>\n\n\n\n<div class=\"wp-block-group is-layout-flow wp-block-group-is-layout-flow\"><div class=\"favorite-location-block\" data-block-id=\"1\">\n\n    <div class=\"row\">\n        <div class=\"col-md-4\">\n            <h2>CHOISISSEZ<br>VOS PNEUS<\/h2>\n        <\/div>\n        <div class=\"col-md-8 text-right store\">\n            <div class=\"coords\">\n                <h3> A1 Muffler &#038; Tire OCTO Auto Service Plus<\/h3>\n                <p>28 Melanie drive test, unit 6 , Brampton(ON) L6T 4H7<\/p>\n                <p>647-922-7058<\/p>\n            <\/div>\n            <span class=\"link\"><a class=\"storeLocatorChangeStore\" href=\"https:\/\/octoautoserviceplus.com\/fr\/ateliers\/\">Changer d&#8217;atelier<\/a><\/span>\n        <\/div>\n        <div class=\"col-md-12\">\n            <hr class=\"yellow\">\n        <\/div>\n    <\/div>\n\n<\/div><\/div>\n\n\n<div class=\"favorite-location-block\" data-block-id=\"2\">\n<script src=\"https:\/\/app.tireconnect.ca\/js\/widget.js\"><\/script>\n<div id=\"tireconnect\"><\/div>\n<script>\nif (document.querySelector('.favorite-location-block[data-block-id=\"2\"]') === null) {\n  TCWidget.init({\n    \n    apikey: \"befab8a1b0057ce49f902f3ffdb68ef0\",\n    locationId: 46162,\n    container: \"tireconnect\",\n    locale: \"fr_CA\",\n    locationLock: true\n  });\n}\n<\/script>\n<\/div>\n\n\n<div style=\"height:100px\" aria-hidden=\"true\" class=\"wp-block-spacer\"><\/div>\n\n\n\n<h2 class=\"wp-block-heading\">JANTES, ACCESSOIRES DE PNEUS <br>ET SERVICES CONNEXES<\/h2>\n\n\n\n<hr class=\"yellow\">\n\n\n<section id=\"carousel-services\" class=\"carousel slide\" data-ride=\"carousel\"><div class=\"carousel-inner\"><div class=\"row\"><div class=\"carousel-item active\"><div class=\"col-md-4\"><a href=\"https:\/\/octoautoserviceplus.com\/fr\/services\/suspension-et-direction\/\"  class=\"service-hover\"><h4 class=\"service-title\">Suspension et direction<\/h4><div style=\" background-image: url('https:\/\/octoautoserviceplus.com\/wp-content\/uploads\/2020\/08\/Services-et-mecaniques-suspension-et-direction-2500.jpg');  background-repeat: no-repeat; background-size: cover; background-position: center top;\"><div class=\"carousel-services-image image-overlay\"><div class=\"carousel-services-image icon-background\"><div class=\"carousel-services-image image-battery\"><\/div><\/div><\/div><\/div><\/a><p class=\"excerpt\">Assurez-vous d\u2019entretenir votre direction et votre suspension pour garder le cap pendant vos trajets.<a class=\"service-link\" href=\"https:\/\/octoautoserviceplus.com\/fr\/services\/suspension-et-direction\/\"><\/a><\/p><\/div><\/div><div class=\"carousel-item\"><div class=\"col-md-4\"><a href=\"https:\/\/octoautoserviceplus.com\/fr\/services\/pieces-et-accessoires\/\"  class=\"service-hover\"><h4 class=\"service-title\">Accessoires<\/h4><div style=\" background-image: url('https:\/\/octoautoserviceplus.com\/wp-content\/uploads\/2021\/07\/Services-et-mecaniques-accessoires-1-2500.jpg');  background-repeat: no-repeat; background-size: cover; background-position: center top;\"><div class=\"carousel-services-image image-overlay\"><div class=\"carousel-services-image icon-background\"><div class=\"carousel-services-image image-battery\"><\/div><\/div><\/div><\/div><\/a><p class=\"excerpt\">Optimisez et personnalisez votre v\u00e9hicule avec des pi\u00e8ces et accessoires disponibles dans nos ateliers.<a class=\"service-link\" href=\"https:\/\/octoautoserviceplus.com\/fr\/services\/pieces-et-accessoires\/\"><\/a><\/p><\/div><\/div><div class=\"carousel-item\"><div class=\"col-md-4\"><a href=\"https:\/\/octoautoserviceplus.com\/fr\/services\/antirouille\/\"  class=\"service-hover\"><h4 class=\"service-title\">Antirouille<\/h4><div style=\" background-image: url('https:\/\/octoautoserviceplus.com\/wp-content\/uploads\/2021\/08\/Services-et-mecaniques-antirouille-2500.jpg');  background-repeat: no-repeat; background-size: cover; background-position: center top;\"><div class=\"carousel-services-image image-overlay\"><div class=\"carousel-services-image icon-background\"><div class=\"carousel-services-image image-battery\"><\/div><\/div><\/div><\/div><\/a><p class=\"excerpt\">Les v\u00e9hicules ne sont pas \u00e0 l\u2019abri de la rouille! Voyez les diff\u00e9rentes techniques pour emp\u00eacher la formation de corrosion.<a class=\"service-link\" href=\"https:\/\/octoautoserviceplus.com\/fr\/services\/antirouille\/\"><\/a><\/p><\/div><\/div><div class=\"carousel-item\"><div class=\"col-md-4\"><a href=\"https:\/\/octoautoserviceplus.com\/fr\/services\/batterie-et-demarrage\/\"  class=\"service-hover\"><h4 class=\"service-title\">Batterie et syst\u00e8me de d\u00e9marrage<\/h4><div style=\" background-image: url('https:\/\/octoautoserviceplus.com\/wp-content\/uploads\/2021\/08\/Services-et-mecaniques-batterie-et-demarreur-2500.jpg');  background-repeat: no-repeat; background-size: cover; background-position: center top;\"><div class=\"carousel-services-image image-overlay\"><div class=\"carousel-services-image icon-background\"><div class=\"carousel-services-image image-battery\"><\/div><\/div><\/div><\/div><\/a><p class=\"excerpt\">Gardez une batterie et un d\u00e9marreur en bonne sant\u00e9 pour une auto toujours pr\u00eate \u00e0 d\u00e9marrer.<a class=\"service-link\" href=\"https:\/\/octoautoserviceplus.com\/fr\/services\/batterie-et-demarrage\/\"><\/a><\/p><\/div><\/div><div class=\"carousel-item\"><div class=\"col-md-4\"><a href=\"https:\/\/octoautoserviceplus.com\/fr\/services\/climatisation-et-chauffage\/\"  class=\"service-hover\"><h4 class=\"service-title\">Climatisation et chauffage<\/h4><div style=\" background-image: url('https:\/\/octoautoserviceplus.com\/wp-content\/uploads\/2020\/08\/Services-et-mecaniques-climatisation-et-chauffage-2500.jpg');  background-repeat: no-repeat; background-size: cover; background-position: center top;\"><div class=\"carousel-services-image image-overlay\"><div class=\"carousel-services-image icon-background\"><div class=\"carousel-services-image image-battery\"><\/div><\/div><\/div><\/div><\/a><p class=\"excerpt\">Assurez une conduite confortable gr\u00e2ce \u00e0 un syst\u00e8me de climatisation performant.<a class=\"service-link\" href=\"https:\/\/octoautoserviceplus.com\/fr\/services\/climatisation-et-chauffage\/\"><\/a><\/p><\/div><\/div><div class=\"carousel-item\"><div class=\"col-md-4\"><a href=\"https:\/\/octoautoserviceplus.com\/fr\/services\/echappement-et-cataliseur\/\"  class=\"service-hover\"><h4 class=\"service-title\">\u00c9chappement et catalyseur<\/h4><div style=\" background-image: url('https:\/\/octoautoserviceplus.com\/wp-content\/uploads\/2020\/08\/Services-et-mecaniques-echappement-et-catalyseur-2500.jpg');  background-repeat: no-repeat; background-size: cover; background-position: center top;\"><div class=\"carousel-services-image image-overlay\"><div class=\"carousel-services-image icon-background\"><div class=\"carousel-services-image image-battery\"><\/div><\/div><\/div><\/div><\/a><p class=\"excerpt\">Conduisez en toute tranquillit\u00e9, tout en minimisant la pollution gr\u00e2ce \u00e0 un \u00e9chappement et catalyseur en bonne condition.<a class=\"service-link\" href=\"https:\/\/octoautoserviceplus.com\/fr\/services\/echappement-et-cataliseur\/\"><\/a><\/p><\/div><\/div><div class=\"carousel-item\"><div class=\"col-md-4\"><a href=\"https:\/\/octoautoserviceplus.com\/fr\/services\/mecanique-et-entretien\/\"  class=\"service-hover\"><h4 class=\"service-title\">Entretiens pr\u00e9ventifs<\/h4><div style=\" background-image: url('https:\/\/octoautoserviceplus.com\/wp-content\/uploads\/2020\/08\/Services-et-mecaniques-entretien-prescrit-2500.jpg');  background-repeat: no-repeat; background-size: cover; background-position: center top;\"><div class=\"carousel-services-image image-overlay\"><div class=\"carousel-services-image icon-background\"><div class=\"carousel-services-image image-battery\"><\/div><\/div><\/div><\/div><\/a><p class=\"excerpt\">Prenez rendez-vous pour un entretien pr\u00e9ventif et assurez la long\u00e9vit\u00e9 de votre v\u00e9hicule. <a class=\"service-link\" href=\"https:\/\/octoautoserviceplus.com\/fr\/services\/mecanique-et-entretien\/\"><\/a><\/p><\/div><\/div><div class=\"carousel-item\"><div class=\"col-md-4\"><a href=\"https:\/\/octoautoserviceplus.com\/fr\/services\/freins\/\"  class=\"service-hover\"><h4 class=\"service-title\">Freins<\/h4><div style=\" background-image: url('https:\/\/octoautoserviceplus.com\/wp-content\/uploads\/2021\/08\/Services-et-mecaniques-freins-2500.jpg');  background-repeat: no-repeat; background-size: cover; background-position: center top;\"><div class=\"carousel-services-image image-overlay\"><div class=\"carousel-services-image icon-background\"><div class=\"carousel-services-image image-battery\"><\/div><\/div><\/div><\/div><\/a><p class=\"excerpt\">Faites inspecter vos freins pour une auto s\u00e9curis\u00e9e gr\u00e2ce \u00e0 un syst\u00e8me de freinage performant.<a class=\"service-link\" href=\"https:\/\/octoautoserviceplus.com\/fr\/services\/freins\/\"><\/a><\/p><\/div><\/div><div class=\"carousel-item\"><div class=\"col-md-4\"><a href=\"https:\/\/octoautoserviceplus.com\/fr\/services\/pneus-et-jantes\/\"  class=\"service-hover\"><h4 class=\"service-title\">Pneus et jantes<\/h4><div style=\" background-image: url('https:\/\/octoautoserviceplus.com\/wp-content\/uploads\/2020\/08\/Services-et-mecaniques-pneus-et-jantes-2500.jpg');  background-repeat: no-repeat; background-size: cover; background-position: center top;\"><div class=\"carousel-services-image image-overlay\"><div class=\"carousel-services-image icon-background\"><div class=\"carousel-services-image image-battery\"><\/div><\/div><\/div><\/div><\/a><p class=\"excerpt\">Pour une adh\u00e9rence optimale en toute saison tout en donnant du style \u00e0 votre voiture, faites confiance \u00e0 nos experts m\u00e9caniciens.<a class=\"service-link\" href=\"https:\/\/octoautoserviceplus.com\/fr\/services\/pneus-et-jantes\/\"><\/a><\/p><\/div><\/div><div class=\"carousel-item\"><div class=\"col-md-4\"><a href=\"https:\/\/octoautoserviceplus.com\/fr\/services\/vehicule-electrique-et-hybride\/\"  class=\"service-hover\"><h4 class=\"service-title\">V\u00e9hicules hybrides et \u00e9lectriques<\/h4><div style=\" background-image: url('https:\/\/octoautoserviceplus.com\/wp-content\/uploads\/2021\/08\/Services-et-mecaniques-vehicule-hybrides-et-electriques-2500.jpg');  background-repeat: no-repeat; background-size: cover; background-position: center top;\"><div class=\"carousel-services-image image-overlay\"><div class=\"carousel-services-image icon-background\"><div class=\"carousel-services-image image-battery\"><\/div><\/div><\/div><\/div><\/a><p class=\"excerpt\">Nous vous accompagnons dans vos choix \u00e9cologiques. Passez \u00e0 nos ateliers pour entretenir et r\u00e9parer votre auto \u00e9lectrique ou hybride.<a class=\"service-link\" href=\"https:\/\/octoautoserviceplus.com\/fr\/services\/vehicule-electrique-et-hybride\/\"><\/a><\/p><\/div><\/div><div class=\"carousel-item\"><div class=\"col-md-4\"><a href=\"https:\/\/octoautoserviceplus.com\/fr\/services\/voyants-lumineux\/\"  class=\"service-hover\"><h4 class=\"service-title\">Voyants lumineux<\/h4><div style=\" background-image: url('https:\/\/octoautoserviceplus.com\/wp-content\/uploads\/2021\/07\/Services-et-mecaniques-analyse-des-voyants-lumineux-2500.jpg');  background-repeat: no-repeat; background-size: cover; background-position: center top;\"><div class=\"carousel-services-image image-overlay\"><div class=\"carousel-services-image icon-background\"><div class=\"carousel-services-image image-battery\"><\/div><\/div><\/div><\/div><\/a><p class=\"excerpt\">Afin de mieux conna\u00eetre l\u2019\u00e9tat de votre v\u00e9hicule, il est essentiel de comprendre les voyants lumineux. <a class=\"service-link\" href=\"https:\/\/octoautoserviceplus.com\/fr\/services\/voyants-lumineux\/\"><\/a><\/p><\/div><\/div><div class=\"carousel-item\"><div class=\"col-md-4\"><a href=\"https:\/\/octoautoserviceplus.com\/fr\/services\/lubrification-et-liquide-de-refrodissement\/\"  class=\"service-hover\"><h4 class=\"service-title\">Lubrification et liquide de refroidissement<\/h4><div style=\" background-image: url('https:\/\/octoautoserviceplus.com\/wp-content\/uploads\/2021\/08\/Services-et-mecaniques-lubrification-et-liquide-de-refroidissment-2500.jpg');  background-repeat: no-repeat; background-size: cover; background-position: center top;\"><div class=\"carousel-services-image image-overlay\"><div class=\"carousel-services-image icon-background\"><div class=\"carousel-services-image image-battery\"><\/div><\/div><\/div><\/div><\/a><p class=\"excerpt\">Prenez soin de votre v\u00e9hicule en faisant inspecter r\u00e9guli\u00e8rement les liquides de votre moteur.<a class=\"service-link\" href=\"https:\/\/octoautoserviceplus.com\/fr\/services\/lubrification-et-liquide-de-refrodissement\/\"><\/a><\/p><\/div><\/div><\/div><\/div><a class=\"carousel-control-prev\" href=\"#carousel-services\" role=\"button\" data-slide=\"prev\"><span class=\"sr-only\">Previous<\/span><\/a><a class=\"carousel-control-next\" href=\"#carousel-services\" role=\"button\" data-slide=\"next\"><span class=\"sr-only\">Next<\/span><\/a><\/section>","protected":false},"excerpt":{"rendered":"<p>PNEUS ET JANTES Les meilleurs choix de pneus pour votre automobile sont \u00e0 port\u00e9e de main !&nbsp;Entrez la largeur, le profil et la taille de la roue, puis s\u00e9lectionnez le type de pneus que vous recherchez. C\u2019est aussi simple que \u00e7a ! JANTES, ACCESSOIRES DE PNEUS ET SERVICES CONNEXES<\/p>\n","protected":false},"author":1,"featured_media":0,"parent":0,"menu_order":0,"comment_status":"closed","ping_status":"closed","template":"","meta":{"footnotes":""},"class_list":["post-6187","page","type-page","status-publish","hentry"],"yoast_head":"<!-- This site is optimized with the Yoast SEO plugin v26.6 - https:\/\/yoast.com\/wordpress\/plugins\/seo\/ -->\n<title>Pneus - OCTO AUTO SERVICE PLUS<\/title>\n<meta name=\"description\" content=\"Les meilleurs choix de pneus pour votre automobile sont \u00e0 port\u00e9e de main ! Entrez la largeur, le profil et la taille de la roue, puis s\u00e9lectionnez le type de pneus que vous recherchez. C\u2019est aussi simple que \u00e7a !\" \/>\n<meta name=\"robots\" content=\"index, follow, max-snippet:-1, max-image-preview:large, max-video-preview:-1\" \/>\n<link rel=\"canonical\" href=\"https:\/\/octoautoserviceplus.com\/fr\/pneus\/\" \/>\n<meta property=\"og:locale\" content=\"fr_CA\" \/>\n<meta property=\"og:type\" content=\"article\" \/>\n<meta property=\"og:title\" content=\"Pneus - OCTO AUTO SERVICE PLUS\" \/>\n<meta property=\"og:description\" content=\"Les meilleurs choix de pneus pour votre automobile sont \u00e0 port\u00e9e de main ! Entrez la largeur, le profil et la taille de la roue, puis s\u00e9lectionnez le type de pneus que vous recherchez. C\u2019est aussi simple que \u00e7a !\" \/>\n<meta property=\"og:url\" content=\"https:\/\/octoautoserviceplus.com\/fr\/wp-json\/wp\/v2\/pages\/6187\" \/>\n<meta property=\"og:site_name\" content=\"OCTO AUTO SERVICE PLUS\" \/>\n<meta property=\"article:publisher\" content=\"https:\/\/www.facebook.com\/OCTOautoserviceplus\/\" \/>\n<meta property=\"article:modified_time\" content=\"2024-11-05T04:30:41+00:00\" \/>\n<meta property=\"og:image\" content=\"https:\/\/www.octoautoserviceplus.com\/wp-content\/themes\/octowordpresstheme\/assets\/img\/fav\/octo-opengraph-image-200x200.png\" \/>\n\t<meta property=\"og:image:width\" content=\"200\" \/>\n\t<meta property=\"og:image:height\" content=\"200\" \/>\n<meta name=\"twitter:card\" content=\"summary_large_image\" \/>\n<meta name=\"twitter:label1\" content=\"Est. reading time\" \/>\n\t<meta name=\"twitter:data1\" content=\"1 minute\" \/>\n<script type=\"application\/ld+json\" class=\"yoast-schema-graph\">{\"@context\":\"https:\/\/schema.org\",\"@graph\":[{\"@type\":\"WebPage\",\"@id\":\"https:\/\/octoautoserviceplus.com\/fr\/pneus\/\",\"url\":\"https:\/\/octoautoserviceplus.com\/fr\/pneus\/\",\"name\":\"Pneus - OCTO AUTO SERVICE PLUS\",\"isPartOf\":{\"@id\":\"https:\/\/octoautoserviceplus.com\/fr\/#website\"},\"datePublished\":\"2020-09-10T18:00:47+00:00\",\"dateModified\":\"2024-11-05T04:30:41+00:00\",\"description\":\"Les meilleurs choix de pneus pour votre automobile sont \u00e0 port\u00e9e de main ! Entrez la largeur, le profil et la taille de la roue, puis s\u00e9lectionnez le type de pneus que vous recherchez. C\u2019est aussi simple que \u00e7a !\",\"breadcrumb\":{\"@id\":\"https:\/\/octoautoserviceplus.com\/fr\/pneus\/#breadcrumb\"},\"inLanguage\":\"fr-CA\",\"potentialAction\":[{\"@type\":\"ReadAction\",\"target\":[\"https:\/\/octoautoserviceplus.com\/fr\/pneus\/\"]}]},{\"@type\":\"BreadcrumbList\",\"@id\":\"https:\/\/octoautoserviceplus.com\/fr\/pneus\/#breadcrumb\",\"itemListElement\":[{\"@type\":\"ListItem\",\"position\":1,\"name\":\"Home\",\"item\":\"https:\/\/octoautoserviceplus.com\/fr\/\"},{\"@type\":\"ListItem\",\"position\":2,\"name\":\"Pneus\"}]},{\"@type\":\"WebSite\",\"@id\":\"https:\/\/octoautoserviceplus.com\/fr\/#website\",\"url\":\"https:\/\/octoautoserviceplus.com\/fr\/\",\"name\":\"OCTO AUTO SERVICE PLUS\",\"description\":\"Just another WordPress site\",\"publisher\":{\"@id\":\"https:\/\/octoautoserviceplus.com\/fr\/#organization\"},\"potentialAction\":[{\"@type\":\"SearchAction\",\"target\":{\"@type\":\"EntryPoint\",\"urlTemplate\":\"https:\/\/octoautoserviceplus.com\/fr\/?s={search_term_string}\"},\"query-input\":{\"@type\":\"PropertyValueSpecification\",\"valueRequired\":true,\"valueName\":\"search_term_string\"}}],\"inLanguage\":\"fr-CA\"},{\"@type\":\"Organization\",\"@id\":\"https:\/\/octoautoserviceplus.com\/fr\/#organization\",\"name\":\"OCTO AUTO SERVICE PLUS\",\"url\":\"https:\/\/octoautoserviceplus.com\/fr\/\",\"logo\":{\"@type\":\"ImageObject\",\"inLanguage\":\"fr-CA\",\"@id\":\"https:\/\/octoautoserviceplus.com\/fr\/#\/schema\/logo\/image\/\",\"url\":\"https:\/\/octoautoserviceplus.com\/wp-content\/uploads\/2021\/06\/cropped-Octo_favicon_512.png\",\"contentUrl\":\"https:\/\/octoautoserviceplus.com\/wp-content\/uploads\/2021\/06\/cropped-Octo_favicon_512.png\",\"width\":512,\"height\":512,\"caption\":\"OCTO AUTO SERVICE PLUS\"},\"image\":{\"@id\":\"https:\/\/octoautoserviceplus.com\/fr\/#\/schema\/logo\/image\/\"},\"sameAs\":[\"https:\/\/www.facebook.com\/OCTOautoserviceplus\/\"]}]}<\/script>\n<!-- \/ Yoast SEO plugin. -->","yoast_head_json":{"title":"Pneus - OCTO AUTO SERVICE PLUS","description":"Les meilleurs choix de pneus pour votre automobile sont \u00e0 port\u00e9e de main ! Entrez la largeur, le profil et la taille de la roue, puis s\u00e9lectionnez le type de pneus que vous recherchez. C\u2019est aussi simple que \u00e7a !","robots":{"index":"index","follow":"follow","max-snippet":"max-snippet:-1","max-image-preview":"max-image-preview:large","max-video-preview":"max-video-preview:-1"},"canonical":"https:\/\/octoautoserviceplus.com\/fr\/pneus\/","og_locale":"fr_CA","og_type":"article","og_title":"Pneus - OCTO AUTO SERVICE PLUS","og_description":"Les meilleurs choix de pneus pour votre automobile sont \u00e0 port\u00e9e de main ! Entrez la largeur, le profil et la taille de la roue, puis s\u00e9lectionnez le type de pneus que vous recherchez. C\u2019est aussi simple que \u00e7a !","og_url":"https:\/\/octoautoserviceplus.com\/fr\/wp-json\/wp\/v2\/pages\/6187","og_site_name":"OCTO AUTO SERVICE PLUS","article_publisher":"https:\/\/www.facebook.com\/OCTOautoserviceplus\/","article_modified_time":"2024-11-05T04:30:41+00:00","og_image":[{"url":"https:\/\/www.octoautoserviceplus.com\/wp-content\/themes\/octowordpresstheme\/assets\/img\/fav\/octo-opengraph-image-200x200.png","height":200,"width":200,"type":""}],"twitter_card":"summary_large_image","twitter_misc":{"Est. reading time":"1 minute"},"schema":{"@context":"https:\/\/schema.org","@graph":[{"@type":"WebPage","@id":"https:\/\/octoautoserviceplus.com\/fr\/pneus\/","url":"https:\/\/octoautoserviceplus.com\/fr\/pneus\/","name":"Pneus - OCTO AUTO SERVICE PLUS","isPartOf":{"@id":"https:\/\/octoautoserviceplus.com\/fr\/#website"},"datePublished":"2020-09-10T18:00:47+00:00","dateModified":"2024-11-05T04:30:41+00:00","description":"Les meilleurs choix de pneus pour votre automobile sont \u00e0 port\u00e9e de main ! Entrez la largeur, le profil et la taille de la roue, puis s\u00e9lectionnez le type de pneus que vous recherchez. C\u2019est aussi simple que \u00e7a !","breadcrumb":{"@id":"https:\/\/octoautoserviceplus.com\/fr\/pneus\/#breadcrumb"},"inLanguage":"fr-CA","potentialAction":[{"@type":"ReadAction","target":["https:\/\/octoautoserviceplus.com\/fr\/pneus\/"]}]},{"@type":"BreadcrumbList","@id":"https:\/\/octoautoserviceplus.com\/fr\/pneus\/#breadcrumb","itemListElement":[{"@type":"ListItem","position":1,"name":"Home","item":"https:\/\/octoautoserviceplus.com\/fr\/"},{"@type":"ListItem","position":2,"name":"Pneus"}]},{"@type":"WebSite","@id":"https:\/\/octoautoserviceplus.com\/fr\/#website","url":"https:\/\/octoautoserviceplus.com\/fr\/","name":"OCTO AUTO SERVICE PLUS","description":"Just another WordPress site","publisher":{"@id":"https:\/\/octoautoserviceplus.com\/fr\/#organization"},"potentialAction":[{"@type":"SearchAction","target":{"@type":"EntryPoint","urlTemplate":"https:\/\/octoautoserviceplus.com\/fr\/?s={search_term_string}"},"query-input":{"@type":"PropertyValueSpecification","valueRequired":true,"valueName":"search_term_string"}}],"inLanguage":"fr-CA"},{"@type":"Organization","@id":"https:\/\/octoautoserviceplus.com\/fr\/#organization","name":"OCTO AUTO SERVICE PLUS","url":"https:\/\/octoautoserviceplus.com\/fr\/","logo":{"@type":"ImageObject","inLanguage":"fr-CA","@id":"https:\/\/octoautoserviceplus.com\/fr\/#\/schema\/logo\/image\/","url":"https:\/\/octoautoserviceplus.com\/wp-content\/uploads\/2021\/06\/cropped-Octo_favicon_512.png","contentUrl":"https:\/\/octoautoserviceplus.com\/wp-content\/uploads\/2021\/06\/cropped-Octo_favicon_512.png","width":512,"height":512,"caption":"OCTO AUTO SERVICE PLUS"},"image":{"@id":"https:\/\/octoautoserviceplus.com\/fr\/#\/schema\/logo\/image\/"},"sameAs":["https:\/\/www.facebook.com\/OCTOautoserviceplus\/"]}]}},"_links":{"self":[{"href":"https:\/\/octoautoserviceplus.com\/fr\/wp-json\/wp\/v2\/pages\/6187","targetHints":{"allow":["GET"]}}],"collection":[{"href":"https:\/\/octoautoserviceplus.com\/fr\/wp-json\/wp\/v2\/pages"}],"about":[{"href":"https:\/\/octoautoserviceplus.com\/fr\/wp-json\/wp\/v2\/types\/page"}],"author":[{"embeddable":true,"href":"https:\/\/octoautoserviceplus.com\/fr\/wp-json\/wp\/v2\/users\/1"}],"replies":[{"embeddable":true,"href":"https:\/\/octoautoserviceplus.com\/fr\/wp-json\/wp\/v2\/comments?post=6187"}],"version-history":[{"count":0,"href":"https:\/\/octoautoserviceplus.com\/fr\/wp-json\/wp\/v2\/pages\/6187\/revisions"}],"wp:attachment":[{"href":"https:\/\/octoautoserviceplus.com\/fr\/wp-json\/wp\/v2\/media?parent=6187"}],"curies":[{"name":"wp","href":"https:\/\/api.w.org\/{rel}","templated":true}]}}