{"id":6537,"date":"2020-09-16T17:01:40","date_gmt":"2020-09-16T21:01:40","guid":{"rendered":"https:\/\/mm.publipageclients.com\/?page_id=6537"},"modified":"2021-11-01T16:25:09","modified_gmt":"2021-11-01T20:25:09","slug":"single-store","status":"publish","type":"page","link":"https:\/\/octoautoserviceplus.com\/fr\/ateliers\/single-store\/","title":{"rendered":"single-store"},"content":{"rendered":"\n<h2 class=\"wp-block-cgb-block-monsieurmuffler-title is-bigger wp-block-heading\">OCTO AUTO SERVICE PLUS,<br><span class=\"line2\">VOTRE M\u00c9CANICIEN DE FAMILLE<\/span><\/h2>\n\n\n\n<p class=\"whiteText\">Nos m\u00e9caniciens de famille r\u00e9parent tout type de v\u00e9hicules et vous conseillent sur le meilleur entretien pour votre voiture. Qu&#8217;il s&#8217;agisse de freins, de direction ou de pneus, passez voir les experts!<\/p>\n","protected":false},"excerpt":{"rendered":"<p>OCTO AUTO SERVICE PLUS,VOTRE M\u00c9CANICIEN DE FAMILLE Nos m\u00e9caniciens de famille r\u00e9parent tout type de v\u00e9hicules et vous conseillent sur le meilleur entretien pour votre voiture. Qu&#8217;il s&#8217;agisse de freins, de direction ou de pneus, passez voir les experts!<\/p>\n","protected":false},"author":1,"featured_media":5808,"parent":6083,"menu_order":0,"comment_status":"closed","ping_status":"closed","template":"","meta":{"footnotes":""},"class_list":["post-6537","page","type-page","status-publish","has-post-thumbnail","hentry"],"yoast_head":"<!-- This site is optimized with the Yoast SEO plugin v26.6 - https:\/\/yoast.com\/wordpress\/plugins\/seo\/ -->\n<title>single-store - OCTO AUTO SERVICE PLUS<\/title>\n<meta name=\"robots\" content=\"index, follow, max-snippet:-1, max-image-preview:large, max-video-preview:-1\" \/>\n<link rel=\"canonical\" href=\"https:\/\/octoautoserviceplus.com\/fr\/ateliers\/single-store\/\" \/>\n<meta property=\"og:locale\" content=\"fr_CA\" \/>\n<meta property=\"og:type\" content=\"article\" \/>\n<meta property=\"og:title\" content=\"single-store - OCTO AUTO SERVICE PLUS\" \/>\n<meta property=\"og:description\" content=\"OCTO AUTO SERVICE PLUS,VOTRE M\u00c9CANICIEN DE FAMILLE Nos m\u00e9caniciens de famille r\u00e9parent tout type de v\u00e9hicules et vous conseillent sur le meilleur entretien pour votre voiture. Qu&#8217;il s&#8217;agisse de freins, de direction ou de pneus, passez voir les experts!\" \/>\n<meta property=\"og:url\" content=\"https:\/\/octoautoserviceplus.com\/fr\/wp-json\/wp\/v2\/pages\/6537\" \/>\n<meta property=\"og:site_name\" content=\"OCTO AUTO SERVICE PLUS\" \/>\n<meta property=\"article:publisher\" content=\"https:\/\/www.facebook.com\/OCTOautoserviceplus\/\" \/>\n<meta property=\"article:modified_time\" content=\"2021-11-01T20:25:09+00:00\" \/>\n<meta property=\"og:image\" content=\"https:\/\/www.octoautoserviceplus.com\/wp-content\/themes\/octowordpresstheme\/assets\/img\/fav\/octo-opengraph-image-200x200.png\" \/>\n\t<meta property=\"og:image:width\" content=\"200\" \/>\n\t<meta property=\"og:image:height\" content=\"200\" \/><meta property=\"og:image\" content=\"https:\/\/octoautoserviceplus.com\/wp-content\/uploads\/2020\/09\/MMuffler_DSC_4726_R-1024x684.jpg\" \/>\n\t<meta property=\"og:image:width\" content=\"1024\" \/>\n\t<meta property=\"og:image:height\" content=\"684\" \/>\n\t<meta property=\"og:image:type\" content=\"image\/jpeg\" \/>\n<meta name=\"twitter:card\" content=\"summary_large_image\" \/>\n<script type=\"application\/ld+json\" class=\"yoast-schema-graph\">{\"@context\":\"https:\/\/schema.org\",\"@graph\":[{\"@type\":\"WebPage\",\"@id\":\"https:\/\/octoautoserviceplus.com\/fr\/ateliers\/single-store\/\",\"url\":\"https:\/\/octoautoserviceplus.com\/fr\/ateliers\/single-store\/\",\"name\":\"single-store - OCTO AUTO SERVICE PLUS\",\"isPartOf\":{\"@id\":\"https:\/\/octoautoserviceplus.com\/fr\/#website\"},\"primaryImageOfPage\":{\"@id\":\"https:\/\/octoautoserviceplus.com\/fr\/ateliers\/single-store\/#primaryimage\"},\"image\":{\"@id\":\"https:\/\/octoautoserviceplus.com\/fr\/ateliers\/single-store\/#primaryimage\"},\"thumbnailUrl\":\"https:\/\/octoautoserviceplus.com\/wp-content\/uploads\/2020\/09\/MMuffler_DSC_4726_R.jpg\",\"datePublished\":\"2020-09-16T21:01:40+00:00\",\"dateModified\":\"2021-11-01T20:25:09+00:00\",\"breadcrumb\":{\"@id\":\"https:\/\/octoautoserviceplus.com\/fr\/ateliers\/single-store\/#breadcrumb\"},\"inLanguage\":\"fr-CA\",\"potentialAction\":[{\"@type\":\"ReadAction\",\"target\":[\"https:\/\/octoautoserviceplus.com\/fr\/ateliers\/single-store\/\"]}]},{\"@type\":\"ImageObject\",\"inLanguage\":\"fr-CA\",\"@id\":\"https:\/\/octoautoserviceplus.com\/fr\/ateliers\/single-store\/#primaryimage\",\"url\":\"https:\/\/octoautoserviceplus.com\/wp-content\/uploads\/2020\/09\/MMuffler_DSC_4726_R.jpg\",\"contentUrl\":\"https:\/\/octoautoserviceplus.com\/wp-content\/uploads\/2020\/09\/MMuffler_DSC_4726_R.jpg\",\"width\":2500,\"height\":1669},{\"@type\":\"BreadcrumbList\",\"@id\":\"https:\/\/octoautoserviceplus.com\/fr\/ateliers\/single-store\/#breadcrumb\",\"itemListElement\":[{\"@type\":\"ListItem\",\"position\":1,\"name\":\"Home\",\"item\":\"https:\/\/octoautoserviceplus.com\/fr\/\"},{\"@type\":\"ListItem\",\"position\":2,\"name\":\"TROUVEZ L\u2019ATELIER LE PLUS PR\u00c8S\",\"item\":\"https:\/\/octoautoserviceplus.com\/fr\/ateliers\/\"},{\"@type\":\"ListItem\",\"position\":3,\"name\":\"single-store\"}]},{\"@type\":\"WebSite\",\"@id\":\"https:\/\/octoautoserviceplus.com\/fr\/#website\",\"url\":\"https:\/\/octoautoserviceplus.com\/fr\/\",\"name\":\"OCTO AUTO SERVICE PLUS\",\"description\":\"Just another WordPress site\",\"publisher\":{\"@id\":\"https:\/\/octoautoserviceplus.com\/fr\/#organization\"},\"potentialAction\":[{\"@type\":\"SearchAction\",\"target\":{\"@type\":\"EntryPoint\",\"urlTemplate\":\"https:\/\/octoautoserviceplus.com\/fr\/?s={search_term_string}\"},\"query-input\":{\"@type\":\"PropertyValueSpecification\",\"valueRequired\":true,\"valueName\":\"search_term_string\"}}],\"inLanguage\":\"fr-CA\"},{\"@type\":\"Organization\",\"@id\":\"https:\/\/octoautoserviceplus.com\/fr\/#organization\",\"name\":\"OCTO AUTO SERVICE PLUS\",\"url\":\"https:\/\/octoautoserviceplus.com\/fr\/\",\"logo\":{\"@type\":\"ImageObject\",\"inLanguage\":\"fr-CA\",\"@id\":\"https:\/\/octoautoserviceplus.com\/fr\/#\/schema\/logo\/image\/\",\"url\":\"https:\/\/octoautoserviceplus.com\/wp-content\/uploads\/2021\/06\/cropped-Octo_favicon_512.png\",\"contentUrl\":\"https:\/\/octoautoserviceplus.com\/wp-content\/uploads\/2021\/06\/cropped-Octo_favicon_512.png\",\"width\":512,\"height\":512,\"caption\":\"OCTO AUTO SERVICE PLUS\"},\"image\":{\"@id\":\"https:\/\/octoautoserviceplus.com\/fr\/#\/schema\/logo\/image\/\"},\"sameAs\":[\"https:\/\/www.facebook.com\/OCTOautoserviceplus\/\"]}]}<\/script>\n<!-- \/ Yoast SEO plugin. -->","yoast_head_json":{"title":"single-store - OCTO AUTO SERVICE PLUS","robots":{"index":"index","follow":"follow","max-snippet":"max-snippet:-1","max-image-preview":"max-image-preview:large","max-video-preview":"max-video-preview:-1"},"canonical":"https:\/\/octoautoserviceplus.com\/fr\/ateliers\/single-store\/","og_locale":"fr_CA","og_type":"article","og_title":"single-store - OCTO AUTO SERVICE PLUS","og_description":"OCTO AUTO SERVICE PLUS,VOTRE M\u00c9CANICIEN DE FAMILLE Nos m\u00e9caniciens de famille r\u00e9parent tout type de v\u00e9hicules et vous conseillent sur le meilleur entretien pour votre voiture. Qu&#8217;il s&#8217;agisse de freins, de direction ou de pneus, passez voir les experts!","og_url":"https:\/\/octoautoserviceplus.com\/fr\/wp-json\/wp\/v2\/pages\/6537","og_site_name":"OCTO AUTO SERVICE PLUS","article_publisher":"https:\/\/www.facebook.com\/OCTOautoserviceplus\/","article_modified_time":"2021-11-01T20:25:09+00:00","og_image":[{"url":"https:\/\/www.octoautoserviceplus.com\/wp-content\/themes\/octowordpresstheme\/assets\/img\/fav\/octo-opengraph-image-200x200.png","height":200,"width":200,"type":""},{"width":1024,"height":684,"url":"https:\/\/octoautoserviceplus.com\/wp-content\/uploads\/2020\/09\/MMuffler_DSC_4726_R-1024x684.jpg","type":"image\/jpeg"}],"twitter_card":"summary_large_image","schema":{"@context":"https:\/\/schema.org","@graph":[{"@type":"WebPage","@id":"https:\/\/octoautoserviceplus.com\/fr\/ateliers\/single-store\/","url":"https:\/\/octoautoserviceplus.com\/fr\/ateliers\/single-store\/","name":"single-store - OCTO AUTO SERVICE PLUS","isPartOf":{"@id":"https:\/\/octoautoserviceplus.com\/fr\/#website"},"primaryImageOfPage":{"@id":"https:\/\/octoautoserviceplus.com\/fr\/ateliers\/single-store\/#primaryimage"},"image":{"@id":"https:\/\/octoautoserviceplus.com\/fr\/ateliers\/single-store\/#primaryimage"},"thumbnailUrl":"https:\/\/octoautoserviceplus.com\/wp-content\/uploads\/2020\/09\/MMuffler_DSC_4726_R.jpg","datePublished":"2020-09-16T21:01:40+00:00","dateModified":"2021-11-01T20:25:09+00:00","breadcrumb":{"@id":"https:\/\/octoautoserviceplus.com\/fr\/ateliers\/single-store\/#breadcrumb"},"inLanguage":"fr-CA","potentialAction":[{"@type":"ReadAction","target":["https:\/\/octoautoserviceplus.com\/fr\/ateliers\/single-store\/"]}]},{"@type":"ImageObject","inLanguage":"fr-CA","@id":"https:\/\/octoautoserviceplus.com\/fr\/ateliers\/single-store\/#primaryimage","url":"https:\/\/octoautoserviceplus.com\/wp-content\/uploads\/2020\/09\/MMuffler_DSC_4726_R.jpg","contentUrl":"https:\/\/octoautoserviceplus.com\/wp-content\/uploads\/2020\/09\/MMuffler_DSC_4726_R.jpg","width":2500,"height":1669},{"@type":"BreadcrumbList","@id":"https:\/\/octoautoserviceplus.com\/fr\/ateliers\/single-store\/#breadcrumb","itemListElement":[{"@type":"ListItem","position":1,"name":"Home","item":"https:\/\/octoautoserviceplus.com\/fr\/"},{"@type":"ListItem","position":2,"name":"TROUVEZ L\u2019ATELIER LE PLUS PR\u00c8S","item":"https:\/\/octoautoserviceplus.com\/fr\/ateliers\/"},{"@type":"ListItem","position":3,"name":"single-store"}]},{"@type":"WebSite","@id":"https:\/\/octoautoserviceplus.com\/fr\/#website","url":"https:\/\/octoautoserviceplus.com\/fr\/","name":"OCTO AUTO SERVICE PLUS","description":"Just another WordPress site","publisher":{"@id":"https:\/\/octoautoserviceplus.com\/fr\/#organization"},"potentialAction":[{"@type":"SearchAction","target":{"@type":"EntryPoint","urlTemplate":"https:\/\/octoautoserviceplus.com\/fr\/?s={search_term_string}"},"query-input":{"@type":"PropertyValueSpecification","valueRequired":true,"valueName":"search_term_string"}}],"inLanguage":"fr-CA"},{"@type":"Organization","@id":"https:\/\/octoautoserviceplus.com\/fr\/#organization","name":"OCTO AUTO SERVICE PLUS","url":"https:\/\/octoautoserviceplus.com\/fr\/","logo":{"@type":"ImageObject","inLanguage":"fr-CA","@id":"https:\/\/octoautoserviceplus.com\/fr\/#\/schema\/logo\/image\/","url":"https:\/\/octoautoserviceplus.com\/wp-content\/uploads\/2021\/06\/cropped-Octo_favicon_512.png","contentUrl":"https:\/\/octoautoserviceplus.com\/wp-content\/uploads\/2021\/06\/cropped-Octo_favicon_512.png","width":512,"height":512,"caption":"OCTO AUTO SERVICE PLUS"},"image":{"@id":"https:\/\/octoautoserviceplus.com\/fr\/#\/schema\/logo\/image\/"},"sameAs":["https:\/\/www.facebook.com\/OCTOautoserviceplus\/"]}]}},"_links":{"self":[{"href":"https:\/\/octoautoserviceplus.com\/fr\/wp-json\/wp\/v2\/pages\/6537","targetHints":{"allow":["GET"]}}],"collection":[{"href":"https:\/\/octoautoserviceplus.com\/fr\/wp-json\/wp\/v2\/pages"}],"about":[{"href":"https:\/\/octoautoserviceplus.com\/fr\/wp-json\/wp\/v2\/types\/page"}],"author":[{"embeddable":true,"href":"https:\/\/octoautoserviceplus.com\/fr\/wp-json\/wp\/v2\/users\/1"}],"replies":[{"embeddable":true,"href":"https:\/\/octoautoserviceplus.com\/fr\/wp-json\/wp\/v2\/comments?post=6537"}],"version-history":[{"count":0,"href":"https:\/\/octoautoserviceplus.com\/fr\/wp-json\/wp\/v2\/pages\/6537\/revisions"}],"up":[{"embeddable":true,"href":"https:\/\/octoautoserviceplus.com\/fr\/wp-json\/wp\/v2\/pages\/6083"}],"wp:featuredmedia":[{"embeddable":true,"href":"https:\/\/octoautoserviceplus.com\/fr\/wp-json\/wp\/v2\/media\/5808"}],"wp:attachment":[{"href":"https:\/\/octoautoserviceplus.com\/fr\/wp-json\/wp\/v2\/media?parent=6537"}],"curies":[{"name":"wp","href":"https:\/\/api.w.org\/{rel}","templated":true}]}}